{"id":1301,"date":"2024-02-06T12:59:30","date_gmt":"2024-02-06T11:59:30","guid":{"rendered":"https:\/\/edenlr.com\/?page_id=1301"},"modified":"2024-12-29T14:02:04","modified_gmt":"2024-12-29T13:02:04","slug":"educacion-financiera","status":"publish","type":"page","link":"https:\/\/edenlr.com\/en\/educacion-financiera\/","title":{"rendered":"Educaci\u00f3n Financiera"},"content":{"rendered":"<div data-elementor-type=\"wp-page\" data-elementor-id=\"1301\" class=\"elementor elementor-1301\" data-elementor-post-type=\"page\">\n\t\t\t\t\t\t<section class=\"elementor-section elementor-top-section elementor-element elementor-element-51c5c119 elementor-reverse-mobile elementor-section-boxed elementor-section-height-default elementor-section-height-default\" data-id=\"51c5c119\" data-element_type=\"section\">\n\t\t\t\t\t\t<div class=\"elementor-container elementor-column-gap-no\">\n\t\t\t\t\t<div class=\"elementor-column elementor-col-50 elementor-top-column elementor-element elementor-element-488906ba\" data-id=\"488906ba\" data-element_type=\"column\" data-settings=\"{&quot;background_background&quot;:&quot;classic&quot;}\">\n\t\t\t<div class=\"elementor-widget-wrap elementor-element-populated\">\n\t\t\t\t\t\t<div class=\"elementor-element elementor-element-2355c17 elementor-invisible elementor-widget elementor-widget-image\" data-id=\"2355c17\" data-element_type=\"widget\" data-settings=\"{&quot;_animation&quot;:&quot;fadeInDown&quot;}\" data-widget_type=\"image.default\">\n\t\t\t\t<div class=\"elementor-widget-container\">\n\t\t\t\t\t\t\t\t\t\t\t\t\t\t\t<img decoding=\"async\" src=\"https:\/\/edenlr.com\/wp-content\/uploads\/elementor\/thumbs\/eden-yate-r10bh5as2ggcpx64zxem35afvlx6xh55354sx4r7lc.webp\" title=\"eden-yate\" alt=\"eden-yate\" loading=\"lazy\" \/>\t\t\t\t\t\t\t\t\t\t\t\t\t\t\t<\/div>\n\t\t\t\t<\/div>\n\t\t\t\t\t<\/div>\n\t\t<\/div>\n\t\t\t\t<div class=\"elementor-column elementor-col-50 elementor-top-column elementor-element elementor-element-2001e3f2\" data-id=\"2001e3f2\" data-element_type=\"column\" data-settings=\"{&quot;background_background&quot;:&quot;classic&quot;}\">\n\t\t\t<div class=\"elementor-widget-wrap elementor-element-populated\">\n\t\t\t\t\t\t<section class=\"elementor-section elementor-inner-section elementor-element elementor-element-6dc55287 elementor-section-boxed elementor-section-height-default elementor-section-height-default\" data-id=\"6dc55287\" data-element_type=\"section\">\n\t\t\t\t\t\t<div class=\"elementor-container elementor-column-gap-no\">\n\t\t\t\t\t<div class=\"elementor-column elementor-col-100 elementor-inner-column elementor-element elementor-element-241e0d83\" data-id=\"241e0d83\" data-element_type=\"column\">\n\t\t\t<div class=\"elementor-widget-wrap elementor-element-populated\">\n\t\t\t\t\t\t<div class=\"elementor-element elementor-element-457b6774 elementor-invisible elementor-widget elementor-widget-heading\" data-id=\"457b6774\" data-element_type=\"widget\" data-settings=\"{&quot;_animation&quot;:&quot;fadeInDown&quot;}\" data-widget_type=\"heading.default\">\n\t\t\t\t<div class=\"elementor-widget-container\">\n\t\t\t\t\t<h1 class=\"elementor-heading-title elementor-size-default\">Educaci\u00f3n Financiera<\/h1>\t\t\t\t<\/div>\n\t\t\t\t<\/div>\n\t\t\t\t<div class=\"elementor-element elementor-element-35a704c elementor-widget elementor-widget-text-editor\" data-id=\"35a704c\" data-element_type=\"widget\" data-widget_type=\"text-editor.default\">\n\t\t\t\t<div class=\"elementor-widget-container\">\n\t\t\t\t\t\t\t\t\t<p>para mujeres inconformistas<\/p>\t\t\t\t\t\t\t\t<\/div>\n\t\t\t\t<\/div>\n\t\t\t\t<div class=\"elementor-element elementor-element-4e31f117 elementor-invisible elementor-widget elementor-widget-text-editor\" data-id=\"4e31f117\" data-element_type=\"widget\" data-settings=\"{&quot;_animation&quot;:&quot;fadeInDown&quot;}\" data-widget_type=\"text-editor.default\">\n\t\t\t\t<div class=\"elementor-widget-container\">\n\t\t\t\t\t\t\t\t\t<p>En este curso te mostramos c\u00f3mo crear tu estado financiero personal para ordenar tu econom\u00eda familiar. Esto te facilitar\u00e1 llegar a fin de mes o al menos ser consciente de por qu\u00e9 no llegas y por lo tanto puedas poner remedio a ello.<br \/><!-- notionvc: 1fc3fef0-6b23-4c03-b748-47b19817dd2c --><\/p>\t\t\t\t\t\t\t\t<\/div>\n\t\t\t\t<\/div>\n\t\t\t\t\t<\/div>\n\t\t<\/div>\n\t\t\t\t\t<\/div>\n\t\t<\/section>\n\t\t\t\t<div class=\"elementor-element elementor-element-2729bd56 elementor-align-left elementor-widget elementor-widget-button\" data-id=\"2729bd56\" data-element_type=\"widget\" data-widget_type=\"button.default\">\n\t\t\t\t<div class=\"elementor-widget-container\">\n\t\t\t\t\t\t\t\t\t<div class=\"elementor-button-wrapper\">\n\t\t\t\t\t<a class=\"elementor-button elementor-button-link elementor-size-md\" href=\"https:\/\/go.hotmart.com\/B83667275Q?dp=1\" target=\"_blank\">\n\t\t\t\t\t\t<span class=\"elementor-button-content-wrapper\">\n\t\t\t\t\t\t\t\t\t<span class=\"elementor-button-text\">I&#039;m interested in<\/span>\n\t\t\t\t\t<\/span>\n\t\t\t\t\t<\/a>\n\t\t\t\t<\/div>\n\t\t\t\t\t\t\t\t<\/div>\n\t\t\t\t<\/div>\n\t\t\t\t\t<\/div>\n\t\t<\/div>\n\t\t\t\t\t<\/div>\n\t\t<\/section>\n\t\t\t\t<\/div>","protected":false},"excerpt":{"rendered":"<p>Educaci\u00f3n Financiera para mujeres inconformistas En este curso te mostramos c\u00f3mo crear tu estado financiero personal para ordenar tu econom\u00eda familiar. Esto te facilitar\u00e1 llegar a fin de mes o al menos ser consciente de por qu\u00e9 no llegas y por lo tanto puedas poner remedio a ello. Me interesa<\/p>","protected":false},"author":1,"featured_media":0,"parent":0,"menu_order":0,"comment_status":"closed","ping_status":"closed","template":"","meta":{"footnotes":""},"class_list":["post-1301","page","type-page","status-publish","hentry"],"yoast_head":"<!-- This site is optimized with the Yoast SEO plugin v26.3 - https:\/\/yoast.com\/wordpress\/plugins\/seo\/ -->\n<title>Educaci\u00f3n Financiera - Escuela Digital de Emprendedoras y Networkers<\/title>\n<meta name=\"robots\" content=\"index, follow, max-snippet:-1, max-image-preview:large, max-video-preview:-1\" \/>\n<link rel=\"canonical\" href=\"https:\/\/edenlr.com\/en\/educacion-financiera\/\" \/>\n<meta property=\"og:locale\" content=\"en_US\" \/>\n<meta property=\"og:type\" content=\"article\" \/>\n<meta property=\"og:title\" content=\"Educaci\u00f3n Financiera - Escuela Digital de Emprendedoras y Networkers\" \/>\n<meta property=\"og:description\" content=\"Educaci\u00f3n Financiera para mujeres inconformistas En este curso te mostramos c\u00f3mo crear tu estado financiero personal para ordenar tu econom\u00eda familiar. Esto te facilitar\u00e1 llegar a fin de mes o al menos ser consciente de por qu\u00e9 no llegas y por lo tanto puedas poner remedio a ello. Me interesa\" \/>\n<meta property=\"og:url\" content=\"https:\/\/edenlr.com\/en\/educacion-financiera\/\" \/>\n<meta property=\"og:site_name\" content=\"Escuela Digital de Emprendedoras y Networkers\" \/>\n<meta property=\"article:modified_time\" content=\"2024-12-29T13:02:04+00:00\" \/>\n<meta property=\"og:image\" content=\"https:\/\/edenlr.com\/wp-content\/uploads\/elementor\/thumbs\/eden-yate-qjf5op60b55p1q8t48ruzr6yuqsd9fiuytcd7lmuy8.webp\" \/>\n<meta name=\"twitter:card\" content=\"summary_large_image\" \/>\n<meta name=\"twitter:label1\" content=\"Est. reading time\" \/>\n\t<meta name=\"twitter:data1\" content=\"1 minute\" \/>\n<script type=\"application\/ld+json\" class=\"yoast-schema-graph\">{\"@context\":\"https:\/\/schema.org\",\"@graph\":[{\"@type\":\"WebPage\",\"@id\":\"https:\/\/edenlr.com\/educacion-financiera\/\",\"url\":\"https:\/\/edenlr.com\/educacion-financiera\/\",\"name\":\"Educaci\u00f3n Financiera - Escuela Digital de Emprendedoras y Networkers\",\"isPartOf\":{\"@id\":\"https:\/\/edenlr.com\/#website\"},\"primaryImageOfPage\":{\"@id\":\"https:\/\/edenlr.com\/educacion-financiera\/#primaryimage\"},\"image\":{\"@id\":\"https:\/\/edenlr.com\/educacion-financiera\/#primaryimage\"},\"thumbnailUrl\":\"https:\/\/edenlr.com\/wp-content\/uploads\/elementor\/thumbs\/eden-yate-qjf5op60b55p1q8t48ruzr6yuqsd9fiuytcd7lmuy8.webp\",\"datePublished\":\"2024-02-06T11:59:30+00:00\",\"dateModified\":\"2024-12-29T13:02:04+00:00\",\"breadcrumb\":{\"@id\":\"https:\/\/edenlr.com\/educacion-financiera\/#breadcrumb\"},\"inLanguage\":\"en-US\",\"potentialAction\":[{\"@type\":\"ReadAction\",\"target\":[\"https:\/\/edenlr.com\/educacion-financiera\/\"]}]},{\"@type\":\"ImageObject\",\"inLanguage\":\"en-US\",\"@id\":\"https:\/\/edenlr.com\/educacion-financiera\/#primaryimage\",\"url\":\"https:\/\/edenlr.com\/wp-content\/uploads\/elementor\/thumbs\/eden-yate-qjf5op60b55p1q8t48ruzr6yuqsd9fiuytcd7lmuy8.webp\",\"contentUrl\":\"https:\/\/edenlr.com\/wp-content\/uploads\/elementor\/thumbs\/eden-yate-qjf5op60b55p1q8t48ruzr6yuqsd9fiuytcd7lmuy8.webp\"},{\"@type\":\"BreadcrumbList\",\"@id\":\"https:\/\/edenlr.com\/educacion-financiera\/#breadcrumb\",\"itemListElement\":[{\"@type\":\"ListItem\",\"position\":1,\"name\":\"Portada\",\"item\":\"https:\/\/edenlr.com\/\"},{\"@type\":\"ListItem\",\"position\":2,\"name\":\"Educaci\u00f3n Financiera\"}]},{\"@type\":\"WebSite\",\"@id\":\"https:\/\/edenlr.com\/#website\",\"url\":\"https:\/\/edenlr.com\/\",\"name\":\"Escuela Digital de Emprendedoras y Networkers\",\"description\":\"master\",\"publisher\":{\"@id\":\"https:\/\/edenlr.com\/#organization\"},\"potentialAction\":[{\"@type\":\"SearchAction\",\"target\":{\"@type\":\"EntryPoint\",\"urlTemplate\":\"https:\/\/edenlr.com\/?s={search_term_string}\"},\"query-input\":{\"@type\":\"PropertyValueSpecification\",\"valueRequired\":true,\"valueName\":\"search_term_string\"}}],\"inLanguage\":\"en-US\"},{\"@type\":\"Organization\",\"@id\":\"https:\/\/edenlr.com\/#organization\",\"name\":\"Escuela Digital de Emprendedoras y Networkers\",\"url\":\"https:\/\/edenlr.com\/\",\"logo\":{\"@type\":\"ImageObject\",\"inLanguage\":\"en-US\",\"@id\":\"https:\/\/edenlr.com\/#\/schema\/logo\/image\/\",\"url\":\"https:\/\/edenlr.com\/wp-content\/uploads\/2023\/12\/Logo-EDEN-manzana.png\",\"contentUrl\":\"https:\/\/edenlr.com\/wp-content\/uploads\/2023\/12\/Logo-EDEN-manzana.png\",\"width\":500,\"height\":500,\"caption\":\"Escuela Digital de Emprendedoras y Networkers\"},\"image\":{\"@id\":\"https:\/\/edenlr.com\/#\/schema\/logo\/image\/\"}}]}<\/script>\n<!-- \/ Yoast SEO plugin. -->","yoast_head_json":{"title":"Educaci\u00f3n Financiera - Escuela Digital de Emprendedoras y Networkers","robots":{"index":"index","follow":"follow","max-snippet":"max-snippet:-1","max-image-preview":"max-image-preview:large","max-video-preview":"max-video-preview:-1"},"canonical":"https:\/\/edenlr.com\/en\/educacion-financiera\/","og_locale":"en_US","og_type":"article","og_title":"Educaci\u00f3n Financiera - Escuela Digital de Emprendedoras y Networkers","og_description":"Educaci\u00f3n Financiera para mujeres inconformistas En este curso te mostramos c\u00f3mo crear tu estado financiero personal para ordenar tu econom\u00eda familiar. Esto te facilitar\u00e1 llegar a fin de mes o al menos ser consciente de por qu\u00e9 no llegas y por lo tanto puedas poner remedio a ello. Me interesa","og_url":"https:\/\/edenlr.com\/en\/educacion-financiera\/","og_site_name":"Escuela Digital de Emprendedoras y Networkers","article_modified_time":"2024-12-29T13:02:04+00:00","og_image":[{"url":"https:\/\/edenlr.com\/wp-content\/uploads\/elementor\/thumbs\/eden-yate-qjf5op60b55p1q8t48ruzr6yuqsd9fiuytcd7lmuy8.webp","type":"","width":"","height":""}],"twitter_card":"summary_large_image","twitter_misc":{"Est. reading time":"1 minute"},"schema":{"@context":"https:\/\/schema.org","@graph":[{"@type":"WebPage","@id":"https:\/\/edenlr.com\/educacion-financiera\/","url":"https:\/\/edenlr.com\/educacion-financiera\/","name":"Educaci\u00f3n Financiera - Escuela Digital de Emprendedoras y Networkers","isPartOf":{"@id":"https:\/\/edenlr.com\/#website"},"primaryImageOfPage":{"@id":"https:\/\/edenlr.com\/educacion-financiera\/#primaryimage"},"image":{"@id":"https:\/\/edenlr.com\/educacion-financiera\/#primaryimage"},"thumbnailUrl":"https:\/\/edenlr.com\/wp-content\/uploads\/elementor\/thumbs\/eden-yate-qjf5op60b55p1q8t48ruzr6yuqsd9fiuytcd7lmuy8.webp","datePublished":"2024-02-06T11:59:30+00:00","dateModified":"2024-12-29T13:02:04+00:00","breadcrumb":{"@id":"https:\/\/edenlr.com\/educacion-financiera\/#breadcrumb"},"inLanguage":"en-US","potentialAction":[{"@type":"ReadAction","target":["https:\/\/edenlr.com\/educacion-financiera\/"]}]},{"@type":"ImageObject","inLanguage":"en-US","@id":"https:\/\/edenlr.com\/educacion-financiera\/#primaryimage","url":"https:\/\/edenlr.com\/wp-content\/uploads\/elementor\/thumbs\/eden-yate-qjf5op60b55p1q8t48ruzr6yuqsd9fiuytcd7lmuy8.webp","contentUrl":"https:\/\/edenlr.com\/wp-content\/uploads\/elementor\/thumbs\/eden-yate-qjf5op60b55p1q8t48ruzr6yuqsd9fiuytcd7lmuy8.webp"},{"@type":"BreadcrumbList","@id":"https:\/\/edenlr.com\/educacion-financiera\/#breadcrumb","itemListElement":[{"@type":"ListItem","position":1,"name":"Portada","item":"https:\/\/edenlr.com\/"},{"@type":"ListItem","position":2,"name":"Educaci\u00f3n Financiera"}]},{"@type":"WebSite","@id":"https:\/\/edenlr.com\/#website","url":"https:\/\/edenlr.com\/","name":"Escuela Digital de Emprendedoras y Networkers","description":"master","publisher":{"@id":"https:\/\/edenlr.com\/#organization"},"potentialAction":[{"@type":"SearchAction","target":{"@type":"EntryPoint","urlTemplate":"https:\/\/edenlr.com\/?s={search_term_string}"},"query-input":{"@type":"PropertyValueSpecification","valueRequired":true,"valueName":"search_term_string"}}],"inLanguage":"en-US"},{"@type":"Organization","@id":"https:\/\/edenlr.com\/#organization","name":"Escuela Digital de Emprendedoras y Networkers","url":"https:\/\/edenlr.com\/","logo":{"@type":"ImageObject","inLanguage":"en-US","@id":"https:\/\/edenlr.com\/#\/schema\/logo\/image\/","url":"https:\/\/edenlr.com\/wp-content\/uploads\/2023\/12\/Logo-EDEN-manzana.png","contentUrl":"https:\/\/edenlr.com\/wp-content\/uploads\/2023\/12\/Logo-EDEN-manzana.png","width":500,"height":500,"caption":"Escuela Digital de Emprendedoras y Networkers"},"image":{"@id":"https:\/\/edenlr.com\/#\/schema\/logo\/image\/"}}]}},"_links":{"self":[{"href":"https:\/\/edenlr.com\/en\/wp-json\/wp\/v2\/pages\/1301","targetHints":{"allow":["GET"]}}],"collection":[{"href":"https:\/\/edenlr.com\/en\/wp-json\/wp\/v2\/pages"}],"about":[{"href":"https:\/\/edenlr.com\/en\/wp-json\/wp\/v2\/types\/page"}],"author":[{"embeddable":true,"href":"https:\/\/edenlr.com\/en\/wp-json\/wp\/v2\/users\/1"}],"replies":[{"embeddable":true,"href":"https:\/\/edenlr.com\/en\/wp-json\/wp\/v2\/comments?post=1301"}],"version-history":[{"count":13,"href":"https:\/\/edenlr.com\/en\/wp-json\/wp\/v2\/pages\/1301\/revisions"}],"predecessor-version":[{"id":1978,"href":"https:\/\/edenlr.com\/en\/wp-json\/wp\/v2\/pages\/1301\/revisions\/1978"}],"wp:attachment":[{"href":"https:\/\/edenlr.com\/en\/wp-json\/wp\/v2\/media?parent=1301"}],"curies":[{"name":"wp","href":"https:\/\/api.w.org\/{rel}","templated":true}]}}