{"id":2291,"date":"2025-03-17T15:57:01","date_gmt":"2025-03-17T14:57:01","guid":{"rendered":"https:\/\/edenlr.com\/?page_id=2291"},"modified":"2025-03-27T16:57:11","modified_gmt":"2025-03-27T15:57:11","slug":"aviso-legal","status":"publish","type":"page","link":"https:\/\/edenlr.com\/en\/aviso-legal\/","title":{"rendered":"Aviso Legal"},"content":{"rendered":"<div data-elementor-type=\"wp-page\" data-elementor-id=\"2291\" class=\"elementor elementor-2291\" data-elementor-post-type=\"page\">\n\t\t\t\t<div class=\"elementor-element elementor-element-ecad8ea e-flex e-con-boxed e-con e-parent\" data-id=\"ecad8ea\" data-element_type=\"container\">\n\t\t\t\t\t<div class=\"e-con-inner\">\n\t\t\t\t<div class=\"elementor-element elementor-element-4308dec elementor-widget elementor-widget-heading\" data-id=\"4308dec\" data-element_type=\"widget\" data-widget_type=\"heading.default\">\n\t\t\t\t<div class=\"elementor-widget-container\">\n\t\t\t\t\t<h1 class=\"elementor-heading-title elementor-size-default\">Aviso legal<\/h1>\t\t\t\t<\/div>\n\t\t\t\t<\/div>\n\t\t\t\t<div class=\"elementor-element elementor-element-9e82ec4 elementor-widget elementor-widget-text-editor\" data-id=\"9e82ec4\" data-element_type=\"widget\" data-widget_type=\"text-editor.default\">\n\t\t\t\t<div class=\"elementor-widget-container\">\n\t\t\t\t\t\t\t\t\t<p><span style=\"font-weight: 400;\">Est\u00e1s en un espacio comprometido con los derechos de sus usuarios y por esta raz\u00f3n, tendr\u00e1s m\u00e1xima transparencia y rigor sobre todo que necesitas saber sobre esta web. Esta web cumple rigurosamente con la Ley Org\u00e1nica 3\/2018, de 5 de diciembre, de Protecci\u00f3n de Datos Personales y garant\u00eda de los derechos digitales (LOPDGDD). Cumple tambi\u00e9n con el Reglamento (UE) 2016\/679 del Parlamento Europeo y del Consejo de 27 de abril de 2016 relativo a la protecci\u00f3n de las personas f\u00edsicas (RGPD), as\u00ed como con la Ley 34\/2002, de 11 de julio, de Servicios de la Sociedad de la Informaci\u00f3n y Comercio Electr\u00f3nico (LSSICE o LSSI). Los servicios y\/o productos est\u00e1n disponibles s\u00f3lo para las personas jur\u00eddicas y las personas que tengan 16 a\u00f1os.<\/span><\/p><h2><span style=\"font-weight: 400;\">IDENTIFICADOR DEL RESPONSABLE DE LA WEB<\/span><\/h2><p><span style=\"font-weight: 400;\">Denominaci\u00f3n social: Daniel Fern\u00e1ndez Mellado<\/span><\/p><p><span style=\"font-weight: 400;\">NIF: 52693054P<\/span><\/p><p><span style=\"font-weight: 400;\">Correo electr\u00f3nico: info@edenlr.com)<\/span><\/p><p><span style=\"font-weight: 400;\">Domicilio social: en M\u00e1laga (si necesita la direcci\u00f3n completa escriba un email a info@edenlr.com)<\/span><\/p><p><span style=\"font-weight: 400;\">Su actividad social es: Servicios de digitalizaci\u00f3n para emprendedores (web, redes sociales&#8230;)<\/span><\/p><h2><span style=\"font-weight: 400;\">\u00bfTE PREOCUPAN TUS DATOS PERSONALES?<\/span><\/h2><p><span style=\"font-weight: 400;\">Lee la <a href=\"https:\/\/edenlr.com\/en\/politica-de-privacidad\/\" target=\"_blank\" rel=\"noopener\">Privacy policy<\/a><\/span><\/p><h2><span style=\"font-weight: 400;\">COMPROMISOS Y OBLIGACIONES DE LOS USUARIOS<\/span><\/h2><p><span style=\"font-weight: 400;\">El usuario queda informado, y acepta, que el acceso a la presente web no supone, en modo alguno, el inicio de una relaci\u00f3n comercial con EDEN. De esta forma, el usuario se compromete a utilizar el sitio web, sus servicios y contenidos sin contravenir la legislaci\u00f3n vigente, la buena fe y el orden p\u00fablico. Queda prohibido el uso de la web, con fines il\u00edcitos o lesivos, o que, de cualquier forma, puedan causar perjuicio o impedir el normal funcionamiento del sitio web. Respecto de los contenidos de esta web, se proh\u00edbe:<\/span><\/p><p><span style=\"font-weight: 400;\">\u00a0<\/span><\/p><ul><li style=\"font-weight: 400;\" aria-level=\"2\"><span style=\"font-weight: 400;\">Su reproducci\u00f3n, distribuci\u00f3n o modificaci\u00f3n, total o parcial, a menos que se cuente con mi autorizaci\u00f3n como leg\u00edtimo titular.<\/span><\/li><\/ul><ul><li style=\"font-weight: 400;\" aria-level=\"2\"><span style=\"font-weight: 400;\">Cualquier vulneraci\u00f3n de los derechos del prestador o de m\u00ed como leg\u00edtimo titular.<\/span><\/li><\/ul><ul><li style=\"font-weight: 400;\" aria-level=\"2\"><span style=\"font-weight: 400;\">Su utilizaci\u00f3n para fines comerciales o publicitarios.<\/span><\/li><\/ul><p><span style=\"font-weight: 400;\">En la utilizaci\u00f3n de la web www.edenlr.com el usuario se compromete a no llevar a cabo ninguna conducta que pudiera da\u00f1ar la imagen, los intereses y los derechos de EDEN o de terceros, o que pudiera da\u00f1ar, inutilizar o sobrecargar el portal www.edenlr.com, o que impidiera, de cualquier forma, la normal utilizaci\u00f3n de la web. No obstante, el usuario debe ser consciente de que las medidas de seguridad de los sistemas inform\u00e1ticos en Internet no son enteramente fiables y que, por tanto, www.edenlr.com no puede garantizar la inexistencia de malware u otros elementos que puedan producir alteraciones en los sistemas inform\u00e1ticos (software y hardware) del usuario o en sus documentos electr\u00f3nicos y ficheros contenidos en los mismos, aunque pongo todos los medios necesarios y las medidas de seguridad oportunas para evitar la presencia de estos elementos da\u00f1inos.<\/span><\/p><h2><span style=\"font-weight: 400;\">MEDIDAS DE SEGURIDAD<\/span><\/h2><p><span style=\"font-weight: 400;\">Los datos personales comunicados por el usuario a EDEN pueden ser almacenados en bases de datos automatizadas o no, cuya titularidad corresponde en exclusiva a <\/span><span style=\"font-weight: 400;\">Daniel Fern\u00e1ndez Mellado<\/span><span style=\"font-weight: 400;\">, asumiendo \u00e9sta todas las medidas de \u00edndole t\u00e9cnica, organizativa y de seguridad que garantizan la confidencialidad, integridad y calidad de la informaci\u00f3n contenida en las mismas de acuerdo con lo establecido en la normativa vigente en protecci\u00f3n de datos. La comunicaci\u00f3n entre los usuarios y www.edenlr.com utiliza un canal seguro, y los datos transmitidos son cifrados gracias al protocolo https, por tanto, dispongo las mejores condiciones de seguridad para que la confidencialidad de los usuarios est\u00e9 garantizada.<\/span><\/p><h2><span style=\"font-weight: 400;\">PLATAFORMA DE RESOLUCI\u00d3N DE CONFLICTOS<\/span><\/h2><p><span style=\"font-weight: 400;\">Pongo tambi\u00e9n a disposici\u00f3n de los usuarios la plataforma de resoluci\u00f3n de litigios que facilita la Comisi\u00f3n Europea y que se encuentra disponible en el siguiente enlace:<\/span><a href=\"http:\/\/ec.europa.eu\/consumers\/odr\/\"><span style=\"font-weight: 400;\"> http:\/\/ec.europa.eu\/consumers\/odr\/<\/span><\/a><\/p><h2><span style=\"font-weight: 400;\">ENLACES EXTERNOS<\/span><\/h2><p><span style=\"font-weight: 400;\">Las p\u00e1ginas de la web www.edenlr.com proporcionan enlaces a otros sitios web propios y contenidos que son propiedad de terceros tales como:<\/span><\/p><ul><li style=\"font-weight: 400;\" aria-level=\"1\"><span style=\"font-weight: 400;\">Links<\/span><\/li><li style=\"font-weight: 400;\" aria-level=\"1\"><span style=\"font-weight: 400;\">Banners<\/span><\/li><li style=\"font-weight: 400;\" aria-level=\"1\"><span style=\"font-weight: 400;\">Botones {ETC.}<\/span><\/li><\/ul><p><span style=\"font-weight: 400;\">\u00a0El \u00fanico objeto de los enlaces es proporcionar al usuario la posibilidad de acceder a dichos enlaces EDEN no se responsabiliza en ning\u00fan caso de los resultados que puedan derivarse al usuario por acceso a dichos enlaces. Asimismo, el usuario encontrar\u00e1 dentro de este sitio, p\u00e1ginas, promociones, programas de afiliados que acceden a los h\u00e1bitos de navegaci\u00f3n de los usuarios para establecer perfiles. Esta informaci\u00f3n siempre es an\u00f3nima y no se identifica al usuario. La informaci\u00f3n que se proporcione en estos sitios patrocinados o enlaces de afiliados est\u00e1 sujeta a las pol\u00edticas de privacidad que se utilicen en dichos sitios y no estar\u00e1 sujeta a nuestra Pol\u00edtica de Privacidad. Por lo que recomiendo ampliamente a los usuarios revisar detalladamente las pol\u00edticas de privacidad de los enlaces de afiliados.<\/span><\/p><h2><span style=\"font-weight: 400;\">EXCLUSI\u00d3N DE GARANT\u00cdAS Y RESPONSABLE<\/span><\/h2><p><span style=\"font-weight: 400;\">EDEN no otorga ninguna garant\u00eda ni se hace responsable, en ning\u00fan caso, de los da\u00f1os y perjuicios de cualquier naturaleza que pudieran traer causa de:<\/span><\/p><ul><li style=\"font-weight: 400;\" aria-level=\"2\"><span style=\"font-weight: 400;\">La falta de disponibilidad, mantenimiento y efectivo funcionamiento de la web, o de sus servicios y contenidos.<\/span><\/li><\/ul><ul><li style=\"font-weight: 400;\" aria-level=\"2\"><span style=\"font-weight: 400;\">La existencia de malware, programas maliciosos o lesivos en los contenidos.<\/span><\/li><\/ul><ul><li style=\"font-weight: 400;\" aria-level=\"2\"><span style=\"font-weight: 400;\">El uso il\u00edcito, negligente, fraudulento o contrario a este Aviso Legal.<\/span><\/li><\/ul><ul><li style=\"font-weight: 400;\" aria-level=\"2\"><span style=\"font-weight: 400;\">La falta de licitud, calidad, fiabilidad, utilidad y disponibilidad de los servicios prestados por terceros y puestos a disposici\u00f3n de los usuarios en el sitio web.<\/span><\/li><\/ul><ul><li style=\"font-weight: 400;\" aria-level=\"2\"><span style=\"font-weight: 400;\">El prestador no se hace responsable bajo ning\u00fan concepto de los da\u00f1os que pudieran dimanar del uso ilegal o indebido de la presente p\u00e1gina web.<\/span><\/li><\/ul><h2><span style=\"font-weight: 400;\">LEY APLICABLE Y JURISDICCI\u00d3N<\/span><\/h2><p><span style=\"font-weight: 400;\">Con car\u00e1cter general las relaciones entre EDEN y los usuarios de sus servicios telem\u00e1ticos presentes en esta web, se encuentran sometidas a la legislaci\u00f3n y jurisdicci\u00f3n espa\u00f1olas y a los tribunales de M\u00e1laga. En caso de que cualquier usuario tuviese alguna duda acerca de las condiciones de este Aviso Legal o cualquier comentario sobre el portal www.edenlr.com, por favor dir\u00edjase a info@edenlr.com. El Aviso Legal ha sido actualizado por \u00faltima vez el Marzo-2025.<\/span><\/p>\t\t\t\t\t\t\t\t<\/div>\n\t\t\t\t<\/div>\n\t\t\t\t\t<\/div>\n\t\t\t\t<\/div>\n\t\t\t\t<\/div>","protected":false},"excerpt":{"rendered":"<p>Aviso legal Est\u00e1s en un espacio comprometido con los derechos de sus usuarios y por esta raz\u00f3n, tendr\u00e1s m\u00e1xima transparencia y rigor sobre todo que necesitas saber sobre esta web. Esta web cumple rigurosamente con la Ley Org\u00e1nica 3\/2018, de 5 de diciembre, de Protecci\u00f3n de Datos Personales y garant\u00eda de los derechos digitales (LOPDGDD). [&hellip;]<\/p>","protected":false},"author":1,"featured_media":0,"parent":0,"menu_order":0,"comment_status":"closed","ping_status":"closed","template":"elementor_header_footer","meta":{"footnotes":""},"class_list":["post-2291","page","type-page","status-publish","hentry"],"yoast_head":"<!-- This site is optimized with the Yoast SEO plugin v26.3 - https:\/\/yoast.com\/wordpress\/plugins\/seo\/ -->\n<title>Aviso Legal - Escuela Digital de Emprendedoras y Networkers<\/title>\n<meta name=\"robots\" content=\"index, follow, max-snippet:-1, max-image-preview:large, max-video-preview:-1\" \/>\n<link rel=\"canonical\" href=\"https:\/\/edenlr.com\/en\/aviso-legal\/\" \/>\n<meta property=\"og:locale\" content=\"en_US\" \/>\n<meta property=\"og:type\" content=\"article\" \/>\n<meta property=\"og:title\" content=\"Aviso Legal - Escuela Digital de Emprendedoras y Networkers\" \/>\n<meta property=\"og:description\" content=\"Aviso legal Est\u00e1s en un espacio comprometido con los derechos de sus usuarios y por esta raz\u00f3n, tendr\u00e1s m\u00e1xima transparencia y rigor sobre todo que necesitas saber sobre esta web. Esta web cumple rigurosamente con la Ley Org\u00e1nica 3\/2018, de 5 de diciembre, de Protecci\u00f3n de Datos Personales y garant\u00eda de los derechos digitales (LOPDGDD). [&hellip;]\" \/>\n<meta property=\"og:url\" content=\"https:\/\/edenlr.com\/en\/aviso-legal\/\" \/>\n<meta property=\"og:site_name\" content=\"Escuela Digital de Emprendedoras y Networkers\" \/>\n<meta property=\"article:modified_time\" content=\"2025-03-27T15:57:11+00:00\" \/>\n<meta name=\"twitter:card\" content=\"summary_large_image\" \/>\n<meta name=\"twitter:label1\" content=\"Est. reading time\" \/>\n\t<meta name=\"twitter:data1\" content=\"5 minutes\" \/>\n<script type=\"application\/ld+json\" class=\"yoast-schema-graph\">{\"@context\":\"https:\/\/schema.org\",\"@graph\":[{\"@type\":\"WebPage\",\"@id\":\"https:\/\/edenlr.com\/aviso-legal\/\",\"url\":\"https:\/\/edenlr.com\/aviso-legal\/\",\"name\":\"Aviso Legal - Escuela Digital de Emprendedoras y Networkers\",\"isPartOf\":{\"@id\":\"https:\/\/edenlr.com\/#website\"},\"datePublished\":\"2025-03-17T14:57:01+00:00\",\"dateModified\":\"2025-03-27T15:57:11+00:00\",\"breadcrumb\":{\"@id\":\"https:\/\/edenlr.com\/aviso-legal\/#breadcrumb\"},\"inLanguage\":\"en-US\",\"potentialAction\":[{\"@type\":\"ReadAction\",\"target\":[\"https:\/\/edenlr.com\/aviso-legal\/\"]}]},{\"@type\":\"BreadcrumbList\",\"@id\":\"https:\/\/edenlr.com\/aviso-legal\/#breadcrumb\",\"itemListElement\":[{\"@type\":\"ListItem\",\"position\":1,\"name\":\"Portada\",\"item\":\"https:\/\/edenlr.com\/\"},{\"@type\":\"ListItem\",\"position\":2,\"name\":\"Aviso Legal\"}]},{\"@type\":\"WebSite\",\"@id\":\"https:\/\/edenlr.com\/#website\",\"url\":\"https:\/\/edenlr.com\/\",\"name\":\"Escuela Digital de Emprendedoras y Networkers\",\"description\":\"master\",\"publisher\":{\"@id\":\"https:\/\/edenlr.com\/#organization\"},\"potentialAction\":[{\"@type\":\"SearchAction\",\"target\":{\"@type\":\"EntryPoint\",\"urlTemplate\":\"https:\/\/edenlr.com\/?s={search_term_string}\"},\"query-input\":{\"@type\":\"PropertyValueSpecification\",\"valueRequired\":true,\"valueName\":\"search_term_string\"}}],\"inLanguage\":\"en-US\"},{\"@type\":\"Organization\",\"@id\":\"https:\/\/edenlr.com\/#organization\",\"name\":\"Escuela Digital de Emprendedoras y Networkers\",\"url\":\"https:\/\/edenlr.com\/\",\"logo\":{\"@type\":\"ImageObject\",\"inLanguage\":\"en-US\",\"@id\":\"https:\/\/edenlr.com\/#\/schema\/logo\/image\/\",\"url\":\"https:\/\/edenlr.com\/wp-content\/uploads\/2023\/12\/Logo-EDEN-manzana.png\",\"contentUrl\":\"https:\/\/edenlr.com\/wp-content\/uploads\/2023\/12\/Logo-EDEN-manzana.png\",\"width\":500,\"height\":500,\"caption\":\"Escuela Digital de Emprendedoras y Networkers\"},\"image\":{\"@id\":\"https:\/\/edenlr.com\/#\/schema\/logo\/image\/\"}}]}<\/script>\n<!-- \/ Yoast SEO plugin. -->","yoast_head_json":{"title":"Aviso Legal - Escuela Digital de Emprendedoras y Networkers","robots":{"index":"index","follow":"follow","max-snippet":"max-snippet:-1","max-image-preview":"max-image-preview:large","max-video-preview":"max-video-preview:-1"},"canonical":"https:\/\/edenlr.com\/en\/aviso-legal\/","og_locale":"en_US","og_type":"article","og_title":"Aviso Legal - Escuela Digital de Emprendedoras y Networkers","og_description":"Aviso legal Est\u00e1s en un espacio comprometido con los derechos de sus usuarios y por esta raz\u00f3n, tendr\u00e1s m\u00e1xima transparencia y rigor sobre todo que necesitas saber sobre esta web. Esta web cumple rigurosamente con la Ley Org\u00e1nica 3\/2018, de 5 de diciembre, de Protecci\u00f3n de Datos Personales y garant\u00eda de los derechos digitales (LOPDGDD). [&hellip;]","og_url":"https:\/\/edenlr.com\/en\/aviso-legal\/","og_site_name":"Escuela Digital de Emprendedoras y Networkers","article_modified_time":"2025-03-27T15:57:11+00:00","twitter_card":"summary_large_image","twitter_misc":{"Est. reading time":"5 minutes"},"schema":{"@context":"https:\/\/schema.org","@graph":[{"@type":"WebPage","@id":"https:\/\/edenlr.com\/aviso-legal\/","url":"https:\/\/edenlr.com\/aviso-legal\/","name":"Aviso Legal - Escuela Digital de Emprendedoras y Networkers","isPartOf":{"@id":"https:\/\/edenlr.com\/#website"},"datePublished":"2025-03-17T14:57:01+00:00","dateModified":"2025-03-27T15:57:11+00:00","breadcrumb":{"@id":"https:\/\/edenlr.com\/aviso-legal\/#breadcrumb"},"inLanguage":"en-US","potentialAction":[{"@type":"ReadAction","target":["https:\/\/edenlr.com\/aviso-legal\/"]}]},{"@type":"BreadcrumbList","@id":"https:\/\/edenlr.com\/aviso-legal\/#breadcrumb","itemListElement":[{"@type":"ListItem","position":1,"name":"Portada","item":"https:\/\/edenlr.com\/"},{"@type":"ListItem","position":2,"name":"Aviso Legal"}]},{"@type":"WebSite","@id":"https:\/\/edenlr.com\/#website","url":"https:\/\/edenlr.com\/","name":"Escuela Digital de Emprendedoras y Networkers","description":"master","publisher":{"@id":"https:\/\/edenlr.com\/#organization"},"potentialAction":[{"@type":"SearchAction","target":{"@type":"EntryPoint","urlTemplate":"https:\/\/edenlr.com\/?s={search_term_string}"},"query-input":{"@type":"PropertyValueSpecification","valueRequired":true,"valueName":"search_term_string"}}],"inLanguage":"en-US"},{"@type":"Organization","@id":"https:\/\/edenlr.com\/#organization","name":"Escuela Digital de Emprendedoras y Networkers","url":"https:\/\/edenlr.com\/","logo":{"@type":"ImageObject","inLanguage":"en-US","@id":"https:\/\/edenlr.com\/#\/schema\/logo\/image\/","url":"https:\/\/edenlr.com\/wp-content\/uploads\/2023\/12\/Logo-EDEN-manzana.png","contentUrl":"https:\/\/edenlr.com\/wp-content\/uploads\/2023\/12\/Logo-EDEN-manzana.png","width":500,"height":500,"caption":"Escuela Digital de Emprendedoras y Networkers"},"image":{"@id":"https:\/\/edenlr.com\/#\/schema\/logo\/image\/"}}]}},"_links":{"self":[{"href":"https:\/\/edenlr.com\/en\/wp-json\/wp\/v2\/pages\/2291","targetHints":{"allow":["GET"]}}],"collection":[{"href":"https:\/\/edenlr.com\/en\/wp-json\/wp\/v2\/pages"}],"about":[{"href":"https:\/\/edenlr.com\/en\/wp-json\/wp\/v2\/types\/page"}],"author":[{"embeddable":true,"href":"https:\/\/edenlr.com\/en\/wp-json\/wp\/v2\/users\/1"}],"replies":[{"embeddable":true,"href":"https:\/\/edenlr.com\/en\/wp-json\/wp\/v2\/comments?post=2291"}],"version-history":[{"count":13,"href":"https:\/\/edenlr.com\/en\/wp-json\/wp\/v2\/pages\/2291\/revisions"}],"predecessor-version":[{"id":2361,"href":"https:\/\/edenlr.com\/en\/wp-json\/wp\/v2\/pages\/2291\/revisions\/2361"}],"wp:attachment":[{"href":"https:\/\/edenlr.com\/en\/wp-json\/wp\/v2\/media?parent=2291"}],"curies":[{"name":"wp","href":"https:\/\/api.w.org\/{rel}","templated":true}]}}