{"id":2300,"date":"2025-03-17T16:01:03","date_gmt":"2025-03-17T15:01:03","guid":{"rendered":"https:\/\/edenlr.com\/?page_id=2300"},"modified":"2025-03-17T16:02:55","modified_gmt":"2025-03-17T15:02:55","slug":"accesibilidad","status":"publish","type":"page","link":"https:\/\/edenlr.com\/en\/accesibilidad\/","title":{"rendered":"Accesibilidad"},"content":{"rendered":"<div data-elementor-type=\"wp-page\" data-elementor-id=\"2300\" class=\"elementor elementor-2300\" data-elementor-post-type=\"page\">\n\t\t\t\t<div class=\"elementor-element elementor-element-ff4c8e2 e-flex e-con-boxed e-con e-parent\" data-id=\"ff4c8e2\" data-element_type=\"container\">\n\t\t\t\t\t<div class=\"e-con-inner\">\n\t\t\t\t<div class=\"elementor-element elementor-element-a076d59 elementor-widget elementor-widget-heading\" data-id=\"a076d59\" data-element_type=\"widget\" data-widget_type=\"heading.default\">\n\t\t\t\t<div class=\"elementor-widget-container\">\n\t\t\t\t\t<h1 class=\"elementor-heading-title elementor-size-default\">Accesibilidad<\/h1>\t\t\t\t<\/div>\n\t\t\t\t<\/div>\n\t\t\t\t<div class=\"elementor-element elementor-element-e2c8f4e elementor-widget elementor-widget-text-editor\" data-id=\"e2c8f4e\" data-element_type=\"widget\" data-widget_type=\"text-editor.default\">\n\t\t\t\t<div class=\"elementor-widget-container\">\n\t\t\t\t\t\t\t\t\t<p><span style=\"font-weight: 400;\">Daniel Fern\u00e1ndez Mellado\u00a0 se ha comprometido a hacer accesible su sitio web de conformidad con el Real Decreto 1112\/2018, de 7 de septiembre, sobre accesibilidad de los sitios web y aplicaciones para dispositivos m\u00f3viles del sector p\u00fablico, o desarrollos financiados desde Europa.<\/span><\/p><p><span style=\"font-weight: 400;\">\u00a0La presente declaraci\u00f3n de accesibilidad se aplica al sitio web <\/span><a href=\"https:\/\/edenlr.com\/en\/\"><span style=\"font-weight: 400;\">https:\/\/edenlr.com\/<\/span><\/a><span style=\"font-weight: 400;\"> excluyendo los contenidos incrustados provenientes de otros dominios.<\/span><\/p><p><span style=\"font-weight: 400;\">Situaci\u00f3n de cumplimiento<\/span><\/p><p><span style=\"font-weight: 400;\">Este sitio web est\u00e1 parcialmente conforme con el RD 1112\/2018 debido a las excepciones y a la falta de conformidad de los aspectos que se indican en el siguiente punto.<\/span><\/p><p><span style=\"font-weight: 400;\">Contenido no accesible<\/span><\/p><p><span style=\"font-weight: 400;\">El contenido que se recoge a continuaci\u00f3n no es accesible por lo siguiente:<\/span><\/p><p><span style=\"font-weight: 400;\">Falta de conformidad con el RD 1112\/2018<\/span><\/p><p><span style=\"font-weight: 400;\">Podr\u00edan existir algunos aspectos de contraste que no cumplan los m\u00ednimos exigidos, 3:1, con respecto a los colores adyacentes del fondo de la secci\u00f3n de la web en cuesti\u00f3n. [9.1.4.11 Contraste no textual]<\/span><\/p><p><span style=\"font-weight: 400;\">Podr\u00edan existir algunos elementos no textuales no etiquetados correctamente [2.5.3 Etiqueta en el nombre] y [4.1.2 Nombre funci\u00f3n y valor]<\/span><\/p><p><span style=\"font-weight: 400;\">Los buscadores buscan autom\u00e1ticamente sin necesidad de ordenar ninguna acci\u00f3n por parte del usuario [3.2.2 Al recibir entradas]<\/span><\/p><p><span style=\"font-weight: 400;\">Podr\u00edan existir algunos textos en otro idioma no etiquetados correctamente [3.1.2 Idioma de las partes]<\/span><\/p><p><span style=\"font-weight: 400;\">Podr\u00edan existir errores de c\u00f3digo puntuales de edici\u00f3n en alguna p\u00e1gina web. [4.1.1 Procesamiento]<\/span><\/p><p><span style=\"font-weight: 400;\">Carga desproporcionada<\/span><\/p><p><span style=\"font-weight: 400;\">No aplica.<\/span><\/p><p><span style=\"font-weight: 400;\">El contenido no entra dentro del \u00e1mbito de la legislaci\u00f3n aplicable<\/span><\/p><p><span style=\"font-weight: 400;\">Podr\u00edan existir archivos ofim\u00e1ticos en PDF u otros formatos publicados antes del 20 de septiembre de 2018 que no cumplan en su totalidad todos los requisitos de accesibilidad. Aunque se ha procurado que la mayor\u00eda de ellos s\u00ed lo cumplan.<\/span><\/p><p><span style=\"font-weight: 400;\">Preparaci\u00f3n de la siguiente declaraci\u00f3n de accesibilidad<\/span><\/p><p><span style=\"font-weight: 400;\">La presente declaraci\u00f3n fue preparada el 1 de febrero de 2024.<\/span><\/p><p><span style=\"font-weight: 400;\">El m\u00e9todo empleado para preparar la declaraci\u00f3n ha sido una autoevaluaci\u00f3n llevada a cabo por el propio organismo.<\/span><\/p><p><span style=\"font-weight: 400;\">La Declaraci\u00f3n de Accesibilidad ha sido revisada y actualizada en abril de 2024.<\/span><\/p><p><span style=\"font-weight: 400;\">Observaciones y datos de contacto<\/span><\/p><p><span style=\"font-weight: 400;\">Puede realizar comunicaciones sobre requisitos de accesibilidad (art\u00edculo 10.2.a del RD 1112\/2018) como por ejemplo:<\/span><\/p><ul><li style=\"font-weight: 400;\" aria-level=\"1\"><span style=\"font-weight: 400;\">Informar sobre cualquier posible incumplimiento por parte de este sitio web<\/span><\/li><li style=\"font-weight: 400;\" aria-level=\"1\"><span style=\"font-weight: 400;\">Transmitir otras dificultades de acceso al contenido<\/span><\/li><\/ul><p><span style=\"font-weight: 400;\">Formular cualquier otra consulta o sugerencia de mejora relativa a la accesibilidad del sitio web<\/span><\/p><p><span style=\"font-weight: 400;\">A trav\u00e9s del formulario de contacto de este sitio web o a trav\u00e9s del n\u00famero de tel\u00e9fono (+34)693 44 82 46.<\/span><\/p><p><span style=\"font-weight: 400;\">Puede presentar:<\/span><\/p><ul><li style=\"font-weight: 400;\" aria-level=\"1\"><span style=\"font-weight: 400;\">Queja relativa al cumplimiento de los requisitos del RD 1112\/2018 o<\/span><\/li><li style=\"font-weight: 400;\" aria-level=\"1\"><span style=\"font-weight: 400;\">Solicitud de Informaci\u00f3n accesible relativa a:<\/span><ul><li style=\"font-weight: 400;\" aria-level=\"2\"><span style=\"font-weight: 400;\">Contenidos que est\u00e1n excluidos del \u00e1mbito de aplicaci\u00f3n del RD 1112\/2018 seg\u00fan lo establecido por el art\u00edculo 3, apartado 4<\/span><\/li><li style=\"font-weight: 400;\" aria-level=\"2\"><span style=\"font-weight: 400;\">Contenidos que est\u00e1n exentos del cumplimiento de los requisitos de accesibilidad por imponer una carga desproporcionada.<\/span><\/li><\/ul><\/li><\/ul><p><span style=\"font-weight: 400;\">En la Solicitud de informaci\u00f3n accesible, se debe concretar, con toda claridad, los hechos, razones y petici\u00f3n que permitan constatar que se trata de una solicitud razonable y leg\u00edtima.<\/span><\/p><p><span style=\"font-weight: 400;\">Las quejas y reclamaciones sobre informaci\u00f3n accesible se realizar\u00e1n a trav\u00e9s del siguiente formulario de contacto o por email al <\/span><span style=\"font-weight: 400;\">info@edenlr.com.<\/span><span style=\"font-weight: 400;\"><br \/><\/span><span style=\"font-weight: 400;\"><br \/><\/span><span style=\"font-weight: 400;\">Procedimiento de aplicaci\u00f3n<\/span><\/p><p><span style=\"font-weight: 400;\">Si una vez realizada una solicitud de informaci\u00f3n accesible o queja, \u00e9sta hubiera sido desestimada, no se estuviera de acuerdo con la decisi\u00f3n adoptada, o la respuesta no cumpliera los requisitos contemplados en el art\u00edculo 12.5, la persona interesada podr\u00e1 iniciar una reclamaci\u00f3n. Igualmente se podr\u00e1 iniciar una reclamaci\u00f3n en el caso de que haya transcurrido el plazo de veinte d\u00edas h\u00e1biles sin haber obtenido respuesta.\u00a0\u00a0<\/span><\/p><p><span style=\"font-weight: 400;\">La reclamaci\u00f3n puede ser presentada a trav\u00e9s de la Instancia Gen\u00e9rica de la Sede electr\u00f3nica del Ministerio de Asuntos Econ\u00f3micos y Transformaci\u00f3n Digital, as\u00ed como en el resto de opciones recogidas en la Ley 39\/ 2015, de 1 de octubre, del Procedimiento Administrativo Com\u00fan de las Administraciones P\u00fablicas.\u00a0 Las reclamaciones ser\u00e1n recibidas y tratadas por la Subdirecci\u00f3n General de Inspecci\u00f3n de Servicios del Ministerio.<\/span><\/p><p><span style=\"font-weight: 400;\">Contenido opcional<\/span><\/p><p><span style=\"font-weight: 400;\">Este portal est\u00e1 dise\u00f1ado para poder cambiar el tama\u00f1o del texto y el color, as\u00ed como el fondo de la p\u00e1gina mediante las opciones de configuraci\u00f3n est\u00e1ndar de los navegadores.<\/span><\/p><ul><li style=\"font-weight: 400;\" aria-level=\"1\"><span style=\"font-weight: 400;\">Si desea cambiar el tama\u00f1o de letra del texto en los principales navegadores gr\u00e1ficos utilice los siguientes men\u00fas:<\/span><\/li><li style=\"font-weight: 400;\" aria-level=\"1\"><span style=\"font-weight: 400;\">Internet Explorer, Mozilla y Firefox: Ver &gt; Tama\u00f1o del texto<\/span><\/li><li style=\"font-weight: 400;\" aria-level=\"1\"><span style=\"font-weight: 400;\">Opera: Ver &gt; Zoom<\/span><\/li><li style=\"font-weight: 400;\" aria-level=\"1\"><span style=\"font-weight: 400;\">Safari: Ver &gt; Hacer el texto m\u00e1s grande<\/span><\/li><li style=\"font-weight: 400;\" aria-level=\"1\"><span style=\"font-weight: 400;\">Chrome: Controla la p\u00e1gina actual &gt; Tama\u00f1o del texto<\/span><\/li><li style=\"font-weight: 400;\" aria-level=\"1\"><span style=\"font-weight: 400;\">Para modificar el tama\u00f1o de todo en la p\u00e1gina:<\/span><ul><li style=\"font-weight: 400;\" aria-level=\"2\"><span style=\"font-weight: 400;\">Ctrl + + para aumentarlo<\/span><\/li><li style=\"font-weight: 400;\" aria-level=\"2\"><span style=\"font-weight: 400;\">Ctrl + \u2013 para disminuirlo<\/span><\/li><li style=\"font-weight: 400;\" aria-level=\"2\"><span style=\"font-weight: 400;\">Ctrl + 0 restaura el tama\u00f1o original del texto<\/span><\/li><li style=\"font-weight: 400;\" aria-level=\"2\"><span style=\"font-weight: 400;\">Si lo que quiere es anular la hoja de estilos o modificar el color del texto, puede consultar la p\u00e1gina How to Change Text Size or Colors de la WAI, que se puede leer traducida al espa\u00f1ol en \u00bfC\u00f3mo cambiar el tama\u00f1o del texto o colores?<\/span><\/li><\/ul><\/li><\/ul><p>\u00a0<\/p>\t\t\t\t\t\t\t\t<\/div>\n\t\t\t\t<\/div>\n\t\t\t\t\t<\/div>\n\t\t\t\t<\/div>\n\t\t\t\t<\/div>","protected":false},"excerpt":{"rendered":"<p>Accesibilidad Daniel Fern\u00e1ndez Mellado\u00a0 se ha comprometido a hacer accesible su sitio web de conformidad con el Real Decreto 1112\/2018, de 7 de septiembre, sobre accesibilidad de los sitios web y aplicaciones para dispositivos m\u00f3viles del sector p\u00fablico, o desarrollos financiados desde Europa. \u00a0La presente declaraci\u00f3n de accesibilidad se aplica al sitio web https:\/\/edenlr.com\/ excluyendo [&hellip;]<\/p>","protected":false},"author":1,"featured_media":0,"parent":0,"menu_order":0,"comment_status":"closed","ping_status":"closed","template":"elementor_header_footer","meta":{"footnotes":""},"class_list":["post-2300","page","type-page","status-publish","hentry"],"yoast_head":"<!-- This site is optimized with the Yoast SEO plugin v26.3 - https:\/\/yoast.com\/wordpress\/plugins\/seo\/ -->\n<title>Accesibilidad - Escuela Digital de Emprendedoras y Networkers<\/title>\n<meta name=\"robots\" content=\"noindex, nofollow\" \/>\n<meta property=\"og:locale\" content=\"en_US\" \/>\n<meta property=\"og:type\" content=\"article\" \/>\n<meta property=\"og:title\" content=\"Accesibilidad - Escuela Digital de Emprendedoras y Networkers\" \/>\n<meta property=\"og:description\" content=\"Accesibilidad Daniel Fern\u00e1ndez Mellado\u00a0 se ha comprometido a hacer accesible su sitio web de conformidad con el Real Decreto 1112\/2018, de 7 de septiembre, sobre accesibilidad de los sitios web y aplicaciones para dispositivos m\u00f3viles del sector p\u00fablico, o desarrollos financiados desde Europa. \u00a0La presente declaraci\u00f3n de accesibilidad se aplica al sitio web https:\/\/edenlr.com\/ excluyendo [&hellip;]\" \/>\n<meta property=\"og:url\" content=\"https:\/\/edenlr.com\/en\/accesibilidad\/\" \/>\n<meta property=\"og:site_name\" content=\"Escuela Digital de Emprendedoras y Networkers\" \/>\n<meta property=\"article:modified_time\" content=\"2025-03-17T15:02:55+00:00\" \/>\n<meta name=\"twitter:card\" content=\"summary_large_image\" \/>\n<meta name=\"twitter:label1\" content=\"Est. reading time\" \/>\n\t<meta name=\"twitter:data1\" content=\"4 minutes\" \/>\n<script type=\"application\/ld+json\" class=\"yoast-schema-graph\">{\"@context\":\"https:\/\/schema.org\",\"@graph\":[{\"@type\":\"WebPage\",\"@id\":\"https:\/\/edenlr.com\/accesibilidad\/\",\"url\":\"https:\/\/edenlr.com\/accesibilidad\/\",\"name\":\"Accesibilidad - Escuela Digital de Emprendedoras y Networkers\",\"isPartOf\":{\"@id\":\"https:\/\/edenlr.com\/#website\"},\"datePublished\":\"2025-03-17T15:01:03+00:00\",\"dateModified\":\"2025-03-17T15:02:55+00:00\",\"breadcrumb\":{\"@id\":\"https:\/\/edenlr.com\/accesibilidad\/#breadcrumb\"},\"inLanguage\":\"en-US\",\"potentialAction\":[{\"@type\":\"ReadAction\",\"target\":[\"https:\/\/edenlr.com\/accesibilidad\/\"]}]},{\"@type\":\"BreadcrumbList\",\"@id\":\"https:\/\/edenlr.com\/accesibilidad\/#breadcrumb\",\"itemListElement\":[{\"@type\":\"ListItem\",\"position\":1,\"name\":\"Portada\",\"item\":\"https:\/\/edenlr.com\/\"},{\"@type\":\"ListItem\",\"position\":2,\"name\":\"Accesibilidad\"}]},{\"@type\":\"WebSite\",\"@id\":\"https:\/\/edenlr.com\/#website\",\"url\":\"https:\/\/edenlr.com\/\",\"name\":\"Escuela Digital de Emprendedoras y Networkers\",\"description\":\"master\",\"publisher\":{\"@id\":\"https:\/\/edenlr.com\/#organization\"},\"potentialAction\":[{\"@type\":\"SearchAction\",\"target\":{\"@type\":\"EntryPoint\",\"urlTemplate\":\"https:\/\/edenlr.com\/?s={search_term_string}\"},\"query-input\":{\"@type\":\"PropertyValueSpecification\",\"valueRequired\":true,\"valueName\":\"search_term_string\"}}],\"inLanguage\":\"en-US\"},{\"@type\":\"Organization\",\"@id\":\"https:\/\/edenlr.com\/#organization\",\"name\":\"Escuela Digital de Emprendedoras y Networkers\",\"url\":\"https:\/\/edenlr.com\/\",\"logo\":{\"@type\":\"ImageObject\",\"inLanguage\":\"en-US\",\"@id\":\"https:\/\/edenlr.com\/#\/schema\/logo\/image\/\",\"url\":\"https:\/\/edenlr.com\/wp-content\/uploads\/2023\/12\/Logo-EDEN-manzana.png\",\"contentUrl\":\"https:\/\/edenlr.com\/wp-content\/uploads\/2023\/12\/Logo-EDEN-manzana.png\",\"width\":500,\"height\":500,\"caption\":\"Escuela Digital de Emprendedoras y Networkers\"},\"image\":{\"@id\":\"https:\/\/edenlr.com\/#\/schema\/logo\/image\/\"}}]}<\/script>\n<!-- \/ Yoast SEO plugin. -->","yoast_head_json":{"title":"Accesibilidad - Escuela Digital de Emprendedoras y Networkers","robots":{"index":"noindex","follow":"nofollow"},"og_locale":"en_US","og_type":"article","og_title":"Accesibilidad - Escuela Digital de Emprendedoras y Networkers","og_description":"Accesibilidad Daniel Fern\u00e1ndez Mellado\u00a0 se ha comprometido a hacer accesible su sitio web de conformidad con el Real Decreto 1112\/2018, de 7 de septiembre, sobre accesibilidad de los sitios web y aplicaciones para dispositivos m\u00f3viles del sector p\u00fablico, o desarrollos financiados desde Europa. \u00a0La presente declaraci\u00f3n de accesibilidad se aplica al sitio web https:\/\/edenlr.com\/ excluyendo [&hellip;]","og_url":"https:\/\/edenlr.com\/en\/accesibilidad\/","og_site_name":"Escuela Digital de Emprendedoras y Networkers","article_modified_time":"2025-03-17T15:02:55+00:00","twitter_card":"summary_large_image","twitter_misc":{"Est. reading time":"4 minutes"},"schema":{"@context":"https:\/\/schema.org","@graph":[{"@type":"WebPage","@id":"https:\/\/edenlr.com\/accesibilidad\/","url":"https:\/\/edenlr.com\/accesibilidad\/","name":"Accesibilidad - Escuela Digital de Emprendedoras y Networkers","isPartOf":{"@id":"https:\/\/edenlr.com\/#website"},"datePublished":"2025-03-17T15:01:03+00:00","dateModified":"2025-03-17T15:02:55+00:00","breadcrumb":{"@id":"https:\/\/edenlr.com\/accesibilidad\/#breadcrumb"},"inLanguage":"en-US","potentialAction":[{"@type":"ReadAction","target":["https:\/\/edenlr.com\/accesibilidad\/"]}]},{"@type":"BreadcrumbList","@id":"https:\/\/edenlr.com\/accesibilidad\/#breadcrumb","itemListElement":[{"@type":"ListItem","position":1,"name":"Portada","item":"https:\/\/edenlr.com\/"},{"@type":"ListItem","position":2,"name":"Accesibilidad"}]},{"@type":"WebSite","@id":"https:\/\/edenlr.com\/#website","url":"https:\/\/edenlr.com\/","name":"Escuela Digital de Emprendedoras y Networkers","description":"master","publisher":{"@id":"https:\/\/edenlr.com\/#organization"},"potentialAction":[{"@type":"SearchAction","target":{"@type":"EntryPoint","urlTemplate":"https:\/\/edenlr.com\/?s={search_term_string}"},"query-input":{"@type":"PropertyValueSpecification","valueRequired":true,"valueName":"search_term_string"}}],"inLanguage":"en-US"},{"@type":"Organization","@id":"https:\/\/edenlr.com\/#organization","name":"Escuela Digital de Emprendedoras y Networkers","url":"https:\/\/edenlr.com\/","logo":{"@type":"ImageObject","inLanguage":"en-US","@id":"https:\/\/edenlr.com\/#\/schema\/logo\/image\/","url":"https:\/\/edenlr.com\/wp-content\/uploads\/2023\/12\/Logo-EDEN-manzana.png","contentUrl":"https:\/\/edenlr.com\/wp-content\/uploads\/2023\/12\/Logo-EDEN-manzana.png","width":500,"height":500,"caption":"Escuela Digital de Emprendedoras y Networkers"},"image":{"@id":"https:\/\/edenlr.com\/#\/schema\/logo\/image\/"}}]}},"_links":{"self":[{"href":"https:\/\/edenlr.com\/en\/wp-json\/wp\/v2\/pages\/2300","targetHints":{"allow":["GET"]}}],"collection":[{"href":"https:\/\/edenlr.com\/en\/wp-json\/wp\/v2\/pages"}],"about":[{"href":"https:\/\/edenlr.com\/en\/wp-json\/wp\/v2\/types\/page"}],"author":[{"embeddable":true,"href":"https:\/\/edenlr.com\/en\/wp-json\/wp\/v2\/users\/1"}],"replies":[{"embeddable":true,"href":"https:\/\/edenlr.com\/en\/wp-json\/wp\/v2\/comments?post=2300"}],"version-history":[{"count":4,"href":"https:\/\/edenlr.com\/en\/wp-json\/wp\/v2\/pages\/2300\/revisions"}],"predecessor-version":[{"id":2305,"href":"https:\/\/edenlr.com\/en\/wp-json\/wp\/v2\/pages\/2300\/revisions\/2305"}],"wp:attachment":[{"href":"https:\/\/edenlr.com\/en\/wp-json\/wp\/v2\/media?parent=2300"}],"curies":[{"name":"wp","href":"https:\/\/api.w.org\/{rel}","templated":true}]}}