{"id":683,"date":"2023-12-30T19:33:31","date_gmt":"2023-12-30T18:33:31","guid":{"rendered":"https:\/\/edenlr.com\/?page_id=683"},"modified":"2025-01-13T14:19:06","modified_gmt":"2025-01-13T13:19:06","slug":"analiza-tu-negocio","status":"publish","type":"page","link":"https:\/\/edenlr.com\/en\/analiza-tu-negocio\/","title":{"rendered":"Analyze your Business"},"content":{"rendered":"<div data-elementor-type=\"wp-page\" data-elementor-id=\"683\" class=\"elementor elementor-683\" data-elementor-post-type=\"page\">\n\t\t\t\t\t\t<section class=\"elementor-section elementor-top-section elementor-element elementor-element-2483e421 elementor-reverse-mobile elementor-section-boxed elementor-section-height-default elementor-section-height-default\" data-id=\"2483e421\" data-element_type=\"section\">\n\t\t\t\t\t\t<div class=\"elementor-container elementor-column-gap-no\">\n\t\t\t\t\t<div class=\"elementor-column elementor-col-50 elementor-top-column elementor-element elementor-element-461bb03c\" data-id=\"461bb03c\" data-element_type=\"column\" data-settings=\"{&quot;background_background&quot;:&quot;classic&quot;}\">\n\t\t\t<div class=\"elementor-widget-wrap elementor-element-populated\">\n\t\t\t\t\t\t<div class=\"elementor-element elementor-element-4dfc2f5 elementor-invisible elementor-widget elementor-widget-image\" data-id=\"4dfc2f5\" data-element_type=\"widget\" data-settings=\"{&quot;_animation&quot;:&quot;fadeInDown&quot;}\" data-widget_type=\"image.default\">\n\t\t\t\t<div class=\"elementor-widget-container\">\n\t\t\t\t\t\t\t\t\t\t\t\t\t\t\t<img decoding=\"async\" src=\"https:\/\/edenlr.com\/wp-content\/uploads\/elementor\/thumbs\/eden-vestido-rojo-r10avbhpcykn3wvkghqi6nl39hic6ihjf3qvpt4c34.jpg\" title=\"eden-dress-red\" alt=\"eden-vestido-rojo\" loading=\"lazy\" \/>\t\t\t\t\t\t\t\t\t\t\t\t\t\t\t<\/div>\n\t\t\t\t<\/div>\n\t\t\t\t\t<\/div>\n\t\t<\/div>\n\t\t\t\t<div class=\"elementor-column elementor-col-50 elementor-top-column elementor-element elementor-element-10b191bc\" data-id=\"10b191bc\" data-element_type=\"column\" data-settings=\"{&quot;background_background&quot;:&quot;classic&quot;}\">\n\t\t\t<div class=\"elementor-widget-wrap elementor-element-populated\">\n\t\t\t\t\t\t<section class=\"elementor-section elementor-inner-section elementor-element elementor-element-3b030938 elementor-section-boxed elementor-section-height-default elementor-section-height-default\" data-id=\"3b030938\" data-element_type=\"section\">\n\t\t\t\t\t\t<div class=\"elementor-container elementor-column-gap-no\">\n\t\t\t\t\t<div class=\"elementor-column elementor-col-100 elementor-inner-column elementor-element elementor-element-2772d8e1\" data-id=\"2772d8e1\" data-element_type=\"column\">\n\t\t\t<div class=\"elementor-widget-wrap elementor-element-populated\">\n\t\t\t\t\t\t<div class=\"elementor-element elementor-element-cdfbb6d elementor-widget elementor-widget-heading\" data-id=\"cdfbb6d\" data-element_type=\"widget\" data-widget_type=\"heading.default\">\n\t\t\t\t<div class=\"elementor-widget-container\">\n\t\t\t\t\t<h1 class=\"elementor-heading-title elementor-size-default\">ANALYZE YOUR BUSINESS<\/h1>\t\t\t\t<\/div>\n\t\t\t\t<\/div>\n\t\t\t\t<div class=\"elementor-element elementor-element-1fe069af elementor-headline--style-highlight elementor-widget elementor-widget-animated-headline\" data-id=\"1fe069af\" data-element_type=\"widget\" data-settings=\"{&quot;marker&quot;:&quot;underline&quot;,&quot;highlighted_text&quot;:&quot;Leti Rub\\u00ed&quot;,&quot;headline_style&quot;:&quot;highlight&quot;,&quot;loop&quot;:&quot;yes&quot;,&quot;highlight_animation_duration&quot;:1200,&quot;highlight_iteration_delay&quot;:8000}\" data-widget_type=\"animated-headline.default\">\n\t\t\t\t<div class=\"elementor-widget-container\">\n\t\t\t\t\t\t\t<h3 class=\"elementor-headline\">\n\t\t\t\t\t<span class=\"elementor-headline-plain-text elementor-headline-text-wrapper\">with<\/span>\n\t\t\t\t<span class=\"elementor-headline-dynamic-wrapper elementor-headline-text-wrapper\">\n\t\t\t\t\t<span class=\"elementor-headline-dynamic-text elementor-headline-text-active\">Leti Rubi<\/span>\n\t\t\t\t<\/span>\n\t\t\t\t<\/h3>\n\t\t\t\t\t\t<\/div>\n\t\t\t\t<\/div>\n\t\t\t\t<div class=\"elementor-element elementor-element-3a285ed9 elementor-invisible elementor-widget elementor-widget-text-editor\" data-id=\"3a285ed9\" data-element_type=\"widget\" data-settings=\"{&quot;_animation&quot;:&quot;fadeInDown&quot;}\" data-widget_type=\"text-editor.default\">\n\t\t\t\t<div class=\"elementor-widget-container\">\n\t\t\t\t\t\t\t\t\t<p><span style=\"font-weight: 400;\">You are currently in a Network Marketing business but do not work as you would like?<br \/><br \/>I am Leti Ruby, and I am delighted to advise you personally and guide you to achieve a life of success doing that really fills you, from your BEING and with your essence.<\/span><\/p><p><!-- notionvc: 1fc3fef0-6b23-4c03-b748-47b19817dd2c --><\/p>\t\t\t\t\t\t\t\t<\/div>\n\t\t\t\t<\/div>\n\t\t\t\t<div class=\"elementor-element elementor-element-ede0e8f elementor-widget elementor-widget-text-editor\" data-id=\"ede0e8f\" data-element_type=\"widget\" data-widget_type=\"text-editor.default\">\n\t\t\t\t<div class=\"elementor-widget-container\">\n\t\t\t\t\t\t\t\t\t<ul>\n<li aria-level=\"3\">Coste de la sesi\u00f3n: 100 \u20ac \/ hora.<\/li>\n<li aria-level=\"3\"><span style=\"font-weight: 400;\">Si compras el libro EMPRENDE O DEPENDE, obtendr\u00e1s una <\/span><b>asesor\u00eda totalmente gratuita para ANALIZAR TU NEGOCIO O TU SITUACI\u00d3N <\/b><span style=\"font-weight: 400;\">(tengas o no tengas un negocio a\u00fan, o est\u00e9s en la empresa que est\u00e9s).<\/span><\/li>\n<\/ul>\t\t\t\t\t\t\t\t<\/div>\n\t\t\t\t<\/div>\n\t\t\t\t\t<\/div>\n\t\t<\/div>\n\t\t\t\t\t<\/div>\n\t\t<\/section>\n\t\t\t\t<div class=\"elementor-element elementor-element-f962711 elementor-align-left elementor-widget elementor-widget-button\" data-id=\"f962711\" data-element_type=\"widget\" data-widget_type=\"button.default\">\n\t\t\t\t<div class=\"elementor-widget-container\">\n\t\t\t\t\t\t\t\t\t<div class=\"elementor-button-wrapper\">\n\t\t\t\t\t<a class=\"elementor-button elementor-button-link elementor-size-md\" href=\"https:\/\/danielf665.sg-host.com\/libro\" target=\"_blank\">\n\t\t\t\t\t\t<span class=\"elementor-button-content-wrapper\">\n\t\t\t\t\t\t\t\t\t<span class=\"elementor-button-text\">Click here<\/span>\n\t\t\t\t\t<\/span>\n\t\t\t\t\t<\/a>\n\t\t\t\t<\/div>\n\t\t\t\t\t\t\t\t<\/div>\n\t\t\t\t<\/div>\n\t\t\t\t\t<\/div>\n\t\t<\/div>\n\t\t\t\t\t<\/div>\n\t\t<\/section>\n\t\t\t\t<\/div>","protected":false},"excerpt":{"rendered":"<p>ANALIZA TU NEGOCIO con Leti Rub\u00ed Actualmente est\u00e1s en un negocio de Network Marketing pero, \u00bfno te funciona como te gustar\u00eda? Soy Leti Rub\u00ed, y estoy encantada de asesorarte personalmente y orientarte para que consigas una vida de \u00e9xito haciendo lo que realmente te llena, desde tu SER y con tu esencia. Coste de la [&hellip;]<\/p>","protected":false},"author":1,"featured_media":0,"parent":0,"menu_order":0,"comment_status":"closed","ping_status":"closed","template":"","meta":{"footnotes":""},"class_list":["post-683","page","type-page","status-publish","hentry"],"yoast_head":"<!-- This site is optimized with the Yoast SEO plugin v26.3 - https:\/\/yoast.com\/wordpress\/plugins\/seo\/ -->\n<title>Analiza tu Negocio - Escuela Digital de Emprendedoras y Networkers<\/title>\n<meta name=\"robots\" content=\"index, follow, max-snippet:-1, max-image-preview:large, max-video-preview:-1\" \/>\n<link rel=\"canonical\" href=\"https:\/\/edenlr.com\/en\/analiza-tu-negocio\/\" \/>\n<meta property=\"og:locale\" content=\"en_US\" \/>\n<meta property=\"og:type\" content=\"article\" \/>\n<meta property=\"og:title\" content=\"Analiza tu Negocio - Escuela Digital de Emprendedoras y Networkers\" \/>\n<meta property=\"og:description\" content=\"ANALIZA TU NEGOCIO con Leti Rub\u00ed Actualmente est\u00e1s en un negocio de Network Marketing pero, \u00bfno te funciona como te gustar\u00eda? Soy Leti Rub\u00ed, y estoy encantada de asesorarte personalmente y orientarte para que consigas una vida de \u00e9xito haciendo lo que realmente te llena, desde tu SER y con tu esencia. Coste de la [&hellip;]\" \/>\n<meta property=\"og:url\" content=\"https:\/\/edenlr.com\/en\/analiza-tu-negocio\/\" \/>\n<meta property=\"og:site_name\" content=\"Escuela Digital de Emprendedoras y Networkers\" \/>\n<meta property=\"article:modified_time\" content=\"2025-01-13T13:19:06+00:00\" \/>\n<meta property=\"og:image\" content=\"https:\/\/edenlr.com\/wp-content\/uploads\/elementor\/thumbs\/eden-vestido-rojo-qh35tqsy6pgf4dy6yd0smxlnampvir0q90kavfw3zk.jpg\" \/>\n<meta name=\"twitter:card\" content=\"summary_large_image\" \/>\n<meta name=\"twitter:label1\" content=\"Est. reading time\" \/>\n\t<meta name=\"twitter:data1\" content=\"1 minute\" \/>\n<script type=\"application\/ld+json\" class=\"yoast-schema-graph\">{\"@context\":\"https:\/\/schema.org\",\"@graph\":[{\"@type\":\"WebPage\",\"@id\":\"https:\/\/edenlr.com\/analiza-tu-negocio\/\",\"url\":\"https:\/\/edenlr.com\/analiza-tu-negocio\/\",\"name\":\"Analiza tu Negocio - Escuela Digital de Emprendedoras y Networkers\",\"isPartOf\":{\"@id\":\"https:\/\/edenlr.com\/#website\"},\"primaryImageOfPage\":{\"@id\":\"https:\/\/edenlr.com\/analiza-tu-negocio\/#primaryimage\"},\"image\":{\"@id\":\"https:\/\/edenlr.com\/analiza-tu-negocio\/#primaryimage\"},\"thumbnailUrl\":\"https:\/\/edenlr.com\/wp-content\/uploads\/elementor\/thumbs\/eden-vestido-rojo-qh35tqsy6pgf4dy6yd0smxlnampvir0q90kavfw3zk.jpg\",\"datePublished\":\"2023-12-30T18:33:31+00:00\",\"dateModified\":\"2025-01-13T13:19:06+00:00\",\"breadcrumb\":{\"@id\":\"https:\/\/edenlr.com\/analiza-tu-negocio\/#breadcrumb\"},\"inLanguage\":\"en-US\",\"potentialAction\":[{\"@type\":\"ReadAction\",\"target\":[\"https:\/\/edenlr.com\/analiza-tu-negocio\/\"]}]},{\"@type\":\"ImageObject\",\"inLanguage\":\"en-US\",\"@id\":\"https:\/\/edenlr.com\/analiza-tu-negocio\/#primaryimage\",\"url\":\"https:\/\/edenlr.com\/wp-content\/uploads\/elementor\/thumbs\/eden-vestido-rojo-qh35tqsy6pgf4dy6yd0smxlnampvir0q90kavfw3zk.jpg\",\"contentUrl\":\"https:\/\/edenlr.com\/wp-content\/uploads\/elementor\/thumbs\/eden-vestido-rojo-qh35tqsy6pgf4dy6yd0smxlnampvir0q90kavfw3zk.jpg\"},{\"@type\":\"BreadcrumbList\",\"@id\":\"https:\/\/edenlr.com\/analiza-tu-negocio\/#breadcrumb\",\"itemListElement\":[{\"@type\":\"ListItem\",\"position\":1,\"name\":\"Portada\",\"item\":\"https:\/\/edenlr.com\/\"},{\"@type\":\"ListItem\",\"position\":2,\"name\":\"Analiza tu Negocio\"}]},{\"@type\":\"WebSite\",\"@id\":\"https:\/\/edenlr.com\/#website\",\"url\":\"https:\/\/edenlr.com\/\",\"name\":\"Escuela Digital de Emprendedoras y Networkers\",\"description\":\"master\",\"publisher\":{\"@id\":\"https:\/\/edenlr.com\/#organization\"},\"potentialAction\":[{\"@type\":\"SearchAction\",\"target\":{\"@type\":\"EntryPoint\",\"urlTemplate\":\"https:\/\/edenlr.com\/?s={search_term_string}\"},\"query-input\":{\"@type\":\"PropertyValueSpecification\",\"valueRequired\":true,\"valueName\":\"search_term_string\"}}],\"inLanguage\":\"en-US\"},{\"@type\":\"Organization\",\"@id\":\"https:\/\/edenlr.com\/#organization\",\"name\":\"Escuela Digital de Emprendedoras y Networkers\",\"url\":\"https:\/\/edenlr.com\/\",\"logo\":{\"@type\":\"ImageObject\",\"inLanguage\":\"en-US\",\"@id\":\"https:\/\/edenlr.com\/#\/schema\/logo\/image\/\",\"url\":\"https:\/\/edenlr.com\/wp-content\/uploads\/2023\/12\/Logo-EDEN-manzana.png\",\"contentUrl\":\"https:\/\/edenlr.com\/wp-content\/uploads\/2023\/12\/Logo-EDEN-manzana.png\",\"width\":500,\"height\":500,\"caption\":\"Escuela Digital de Emprendedoras y Networkers\"},\"image\":{\"@id\":\"https:\/\/edenlr.com\/#\/schema\/logo\/image\/\"}}]}<\/script>\n<!-- \/ Yoast SEO plugin. -->","yoast_head_json":{"title":"Analiza tu Negocio - Escuela Digital de Emprendedoras y Networkers","robots":{"index":"index","follow":"follow","max-snippet":"max-snippet:-1","max-image-preview":"max-image-preview:large","max-video-preview":"max-video-preview:-1"},"canonical":"https:\/\/edenlr.com\/en\/analiza-tu-negocio\/","og_locale":"en_US","og_type":"article","og_title":"Analiza tu Negocio - Escuela Digital de Emprendedoras y Networkers","og_description":"ANALIZA TU NEGOCIO con Leti Rub\u00ed Actualmente est\u00e1s en un negocio de Network Marketing pero, \u00bfno te funciona como te gustar\u00eda? Soy Leti Rub\u00ed, y estoy encantada de asesorarte personalmente y orientarte para que consigas una vida de \u00e9xito haciendo lo que realmente te llena, desde tu SER y con tu esencia. Coste de la [&hellip;]","og_url":"https:\/\/edenlr.com\/en\/analiza-tu-negocio\/","og_site_name":"Escuela Digital de Emprendedoras y Networkers","article_modified_time":"2025-01-13T13:19:06+00:00","og_image":[{"url":"https:\/\/edenlr.com\/wp-content\/uploads\/elementor\/thumbs\/eden-vestido-rojo-qh35tqsy6pgf4dy6yd0smxlnampvir0q90kavfw3zk.jpg","type":"","width":"","height":""}],"twitter_card":"summary_large_image","twitter_misc":{"Est. reading time":"1 minute"},"schema":{"@context":"https:\/\/schema.org","@graph":[{"@type":"WebPage","@id":"https:\/\/edenlr.com\/analiza-tu-negocio\/","url":"https:\/\/edenlr.com\/analiza-tu-negocio\/","name":"Analiza tu Negocio - Escuela Digital de Emprendedoras y Networkers","isPartOf":{"@id":"https:\/\/edenlr.com\/#website"},"primaryImageOfPage":{"@id":"https:\/\/edenlr.com\/analiza-tu-negocio\/#primaryimage"},"image":{"@id":"https:\/\/edenlr.com\/analiza-tu-negocio\/#primaryimage"},"thumbnailUrl":"https:\/\/edenlr.com\/wp-content\/uploads\/elementor\/thumbs\/eden-vestido-rojo-qh35tqsy6pgf4dy6yd0smxlnampvir0q90kavfw3zk.jpg","datePublished":"2023-12-30T18:33:31+00:00","dateModified":"2025-01-13T13:19:06+00:00","breadcrumb":{"@id":"https:\/\/edenlr.com\/analiza-tu-negocio\/#breadcrumb"},"inLanguage":"en-US","potentialAction":[{"@type":"ReadAction","target":["https:\/\/edenlr.com\/analiza-tu-negocio\/"]}]},{"@type":"ImageObject","inLanguage":"en-US","@id":"https:\/\/edenlr.com\/analiza-tu-negocio\/#primaryimage","url":"https:\/\/edenlr.com\/wp-content\/uploads\/elementor\/thumbs\/eden-vestido-rojo-qh35tqsy6pgf4dy6yd0smxlnampvir0q90kavfw3zk.jpg","contentUrl":"https:\/\/edenlr.com\/wp-content\/uploads\/elementor\/thumbs\/eden-vestido-rojo-qh35tqsy6pgf4dy6yd0smxlnampvir0q90kavfw3zk.jpg"},{"@type":"BreadcrumbList","@id":"https:\/\/edenlr.com\/analiza-tu-negocio\/#breadcrumb","itemListElement":[{"@type":"ListItem","position":1,"name":"Portada","item":"https:\/\/edenlr.com\/"},{"@type":"ListItem","position":2,"name":"Analiza tu Negocio"}]},{"@type":"WebSite","@id":"https:\/\/edenlr.com\/#website","url":"https:\/\/edenlr.com\/","name":"Escuela Digital de Emprendedoras y Networkers","description":"master","publisher":{"@id":"https:\/\/edenlr.com\/#organization"},"potentialAction":[{"@type":"SearchAction","target":{"@type":"EntryPoint","urlTemplate":"https:\/\/edenlr.com\/?s={search_term_string}"},"query-input":{"@type":"PropertyValueSpecification","valueRequired":true,"valueName":"search_term_string"}}],"inLanguage":"en-US"},{"@type":"Organization","@id":"https:\/\/edenlr.com\/#organization","name":"Escuela Digital de Emprendedoras y Networkers","url":"https:\/\/edenlr.com\/","logo":{"@type":"ImageObject","inLanguage":"en-US","@id":"https:\/\/edenlr.com\/#\/schema\/logo\/image\/","url":"https:\/\/edenlr.com\/wp-content\/uploads\/2023\/12\/Logo-EDEN-manzana.png","contentUrl":"https:\/\/edenlr.com\/wp-content\/uploads\/2023\/12\/Logo-EDEN-manzana.png","width":500,"height":500,"caption":"Escuela Digital de Emprendedoras y Networkers"},"image":{"@id":"https:\/\/edenlr.com\/#\/schema\/logo\/image\/"}}]}},"_links":{"self":[{"href":"https:\/\/edenlr.com\/en\/wp-json\/wp\/v2\/pages\/683","targetHints":{"allow":["GET"]}}],"collection":[{"href":"https:\/\/edenlr.com\/en\/wp-json\/wp\/v2\/pages"}],"about":[{"href":"https:\/\/edenlr.com\/en\/wp-json\/wp\/v2\/types\/page"}],"author":[{"embeddable":true,"href":"https:\/\/edenlr.com\/en\/wp-json\/wp\/v2\/users\/1"}],"replies":[{"embeddable":true,"href":"https:\/\/edenlr.com\/en\/wp-json\/wp\/v2\/comments?post=683"}],"version-history":[{"count":49,"href":"https:\/\/edenlr.com\/en\/wp-json\/wp\/v2\/pages\/683\/revisions"}],"predecessor-version":[{"id":2114,"href":"https:\/\/edenlr.com\/en\/wp-json\/wp\/v2\/pages\/683\/revisions\/2114"}],"wp:attachment":[{"href":"https:\/\/edenlr.com\/en\/wp-json\/wp\/v2\/media?parent=683"}],"curies":[{"name":"wp","href":"https:\/\/api.w.org\/{rel}","templated":true}]}}