{"id":1505,"date":"2024-02-27T16:38:58","date_gmt":"2024-02-27T15:38:58","guid":{"rendered":"https:\/\/edenlr.com\/?post_type=product&#038;p=1505"},"modified":"2024-02-27T16:48:50","modified_gmt":"2024-02-27T15:48:50","slug":"libro-networkerpro","status":"publish","type":"product","link":"https:\/\/edenlr.com\/en\/product\/libro-networkerpro\/","title":{"rendered":"Libro NetworkerPRO"},"content":{"rendered":"","protected":false},"excerpt":{"rendered":"<p>Los 7 pasos para convertirte en una profesional del Network Marketing y vivir una vida de pel\u00edcula.<\/p>","protected":false},"featured_media":1507,"comment_status":"closed","ping_status":"closed","template":"","meta":[],"product_brand":[],"product_cat":[22],"product_tag":[],"class_list":{"0":"post-1505","1":"product","2":"type-product","3":"status-publish","4":"has-post-thumbnail","6":"product_cat-formaciones","8":"first","9":"instock","10":"taxable","11":"shipping-taxable","12":"product-type-simple"},"yoast_head":"<!-- This site is optimized with the Yoast SEO plugin v26.3 - https:\/\/yoast.com\/wordpress\/plugins\/seo\/ -->\n<title>Libro NetworkerPRO<\/title>\n<meta name=\"description\" content=\"Los 7 pasos para convertirte en una profesional del Network Marketing y vivir una vida de pel\u00edcula. Empod\u00e9rate y brilla. Cons\u00edguelo aqu\u00ed!\" \/>\n<meta name=\"robots\" content=\"index, follow, max-snippet:-1, max-image-preview:large, max-video-preview:-1\" \/>\n<link rel=\"canonical\" href=\"https:\/\/edenlr.com\/en\/product\/libro-networkerpro\/\" \/>\n<meta property=\"og:locale\" content=\"en_US\" \/>\n<meta property=\"og:type\" content=\"article\" \/>\n<meta property=\"og:title\" content=\"Libro NetworkerPRO\" \/>\n<meta property=\"og:description\" content=\"Los 7 pasos para convertirte en una profesional del Network Marketing y vivir una vida de pel\u00edcula. Empod\u00e9rate y brilla. Cons\u00edguelo aqu\u00ed!\" \/>\n<meta property=\"og:url\" content=\"https:\/\/edenlr.com\/en\/product\/libro-networkerpro\/\" \/>\n<meta property=\"og:site_name\" content=\"Escuela Digital de Emprendedoras y Networkers\" \/>\n<meta property=\"article:modified_time\" content=\"2024-02-27T15:48:50+00:00\" \/>\n<meta property=\"og:image\" content=\"https:\/\/edenlr.com\/wp-content\/uploads\/2024\/02\/producto-mastermind-navidad-1.jpg\" \/>\n\t<meta property=\"og:image:width\" content=\"800\" \/>\n\t<meta property=\"og:image:height\" content=\"800\" \/>\n\t<meta property=\"og:image:type\" content=\"image\/jpeg\" \/>\n<meta name=\"twitter:card\" content=\"summary_large_image\" \/>\n<meta name=\"twitter:label1\" content=\"Est. reading time\" \/>\n\t<meta name=\"twitter:data1\" content=\"1 minute\" \/>\n<script type=\"application\/ld+json\" class=\"yoast-schema-graph\">{\"@context\":\"https:\/\/schema.org\",\"@graph\":[{\"@type\":\"WebPage\",\"@id\":\"https:\/\/edenlr.com\/producto\/libro-networkerpro\/\",\"url\":\"https:\/\/edenlr.com\/producto\/libro-networkerpro\/\",\"name\":\"Libro NetworkerPRO\",\"isPartOf\":{\"@id\":\"https:\/\/edenlr.com\/#website\"},\"primaryImageOfPage\":{\"@id\":\"https:\/\/edenlr.com\/producto\/libro-networkerpro\/#primaryimage\"},\"image\":{\"@id\":\"https:\/\/edenlr.com\/producto\/libro-networkerpro\/#primaryimage\"},\"thumbnailUrl\":\"https:\/\/edenlr.com\/wp-content\/uploads\/2024\/02\/producto-mastermind-navidad-1.jpg\",\"datePublished\":\"2024-02-27T15:38:58+00:00\",\"dateModified\":\"2024-02-27T15:48:50+00:00\",\"description\":\"Los 7 pasos para convertirte en una profesional del Network Marketing y vivir una vida de pel\u00edcula. Empod\u00e9rate y brilla. Cons\u00edguelo aqu\u00ed!\",\"breadcrumb\":{\"@id\":\"https:\/\/edenlr.com\/producto\/libro-networkerpro\/#breadcrumb\"},\"inLanguage\":\"en-US\",\"potentialAction\":[{\"@type\":\"ReadAction\",\"target\":[\"https:\/\/edenlr.com\/producto\/libro-networkerpro\/\"]}]},{\"@type\":\"ImageObject\",\"inLanguage\":\"en-US\",\"@id\":\"https:\/\/edenlr.com\/producto\/libro-networkerpro\/#primaryimage\",\"url\":\"https:\/\/edenlr.com\/wp-content\/uploads\/2024\/02\/producto-mastermind-navidad-1.jpg\",\"contentUrl\":\"https:\/\/edenlr.com\/wp-content\/uploads\/2024\/02\/producto-mastermind-navidad-1.jpg\",\"width\":800,\"height\":800,\"caption\":\"Libro NetworkerPRO\"},{\"@type\":\"BreadcrumbList\",\"@id\":\"https:\/\/edenlr.com\/producto\/libro-networkerpro\/#breadcrumb\",\"itemListElement\":[{\"@type\":\"ListItem\",\"position\":1,\"name\":\"Portada\",\"item\":\"https:\/\/edenlr.com\/\"},{\"@type\":\"ListItem\",\"position\":2,\"name\":\"Tienda\",\"item\":\"https:\/\/edenlr.com\/tienda\/\"},{\"@type\":\"ListItem\",\"position\":3,\"name\":\"Libro NetworkerPRO\"}]},{\"@type\":\"WebSite\",\"@id\":\"https:\/\/edenlr.com\/#website\",\"url\":\"https:\/\/edenlr.com\/\",\"name\":\"Escuela Digital de Emprendedoras y Networkers\",\"description\":\"master\",\"publisher\":{\"@id\":\"https:\/\/edenlr.com\/#organization\"},\"potentialAction\":[{\"@type\":\"SearchAction\",\"target\":{\"@type\":\"EntryPoint\",\"urlTemplate\":\"https:\/\/edenlr.com\/?s={search_term_string}\"},\"query-input\":{\"@type\":\"PropertyValueSpecification\",\"valueRequired\":true,\"valueName\":\"search_term_string\"}}],\"inLanguage\":\"en-US\"},{\"@type\":\"Organization\",\"@id\":\"https:\/\/edenlr.com\/#organization\",\"name\":\"Escuela Digital de Emprendedoras y Networkers\",\"url\":\"https:\/\/edenlr.com\/\",\"logo\":{\"@type\":\"ImageObject\",\"inLanguage\":\"en-US\",\"@id\":\"https:\/\/edenlr.com\/#\/schema\/logo\/image\/\",\"url\":\"https:\/\/edenlr.com\/wp-content\/uploads\/2023\/12\/Logo-EDEN-manzana.png\",\"contentUrl\":\"https:\/\/edenlr.com\/wp-content\/uploads\/2023\/12\/Logo-EDEN-manzana.png\",\"width\":500,\"height\":500,\"caption\":\"Escuela Digital de Emprendedoras y Networkers\"},\"image\":{\"@id\":\"https:\/\/edenlr.com\/#\/schema\/logo\/image\/\"}}]}<\/script>\n<!-- \/ Yoast SEO plugin. -->","yoast_head_json":{"title":"Libro NetworkerPRO","description":"Los 7 pasos para convertirte en una profesional del Network Marketing y vivir una vida de pel\u00edcula. Empod\u00e9rate y brilla. Cons\u00edguelo aqu\u00ed!","robots":{"index":"index","follow":"follow","max-snippet":"max-snippet:-1","max-image-preview":"max-image-preview:large","max-video-preview":"max-video-preview:-1"},"canonical":"https:\/\/edenlr.com\/en\/product\/libro-networkerpro\/","og_locale":"en_US","og_type":"article","og_title":"Libro NetworkerPRO","og_description":"Los 7 pasos para convertirte en una profesional del Network Marketing y vivir una vida de pel\u00edcula. Empod\u00e9rate y brilla. Cons\u00edguelo aqu\u00ed!","og_url":"https:\/\/edenlr.com\/en\/product\/libro-networkerpro\/","og_site_name":"Escuela Digital de Emprendedoras y Networkers","article_modified_time":"2024-02-27T15:48:50+00:00","og_image":[{"width":800,"height":800,"url":"https:\/\/edenlr.com\/wp-content\/uploads\/2024\/02\/producto-mastermind-navidad-1.jpg","type":"image\/jpeg"}],"twitter_card":"summary_large_image","twitter_misc":{"Est. reading time":"1 minute"},"schema":{"@context":"https:\/\/schema.org","@graph":[{"@type":"WebPage","@id":"https:\/\/edenlr.com\/producto\/libro-networkerpro\/","url":"https:\/\/edenlr.com\/producto\/libro-networkerpro\/","name":"Libro NetworkerPRO","isPartOf":{"@id":"https:\/\/edenlr.com\/#website"},"primaryImageOfPage":{"@id":"https:\/\/edenlr.com\/producto\/libro-networkerpro\/#primaryimage"},"image":{"@id":"https:\/\/edenlr.com\/producto\/libro-networkerpro\/#primaryimage"},"thumbnailUrl":"https:\/\/edenlr.com\/wp-content\/uploads\/2024\/02\/producto-mastermind-navidad-1.jpg","datePublished":"2024-02-27T15:38:58+00:00","dateModified":"2024-02-27T15:48:50+00:00","description":"Los 7 pasos para convertirte en una profesional del Network Marketing y vivir una vida de pel\u00edcula. Empod\u00e9rate y brilla. Cons\u00edguelo aqu\u00ed!","breadcrumb":{"@id":"https:\/\/edenlr.com\/producto\/libro-networkerpro\/#breadcrumb"},"inLanguage":"en-US","potentialAction":[{"@type":"ReadAction","target":["https:\/\/edenlr.com\/producto\/libro-networkerpro\/"]}]},{"@type":"ImageObject","inLanguage":"en-US","@id":"https:\/\/edenlr.com\/producto\/libro-networkerpro\/#primaryimage","url":"https:\/\/edenlr.com\/wp-content\/uploads\/2024\/02\/producto-mastermind-navidad-1.jpg","contentUrl":"https:\/\/edenlr.com\/wp-content\/uploads\/2024\/02\/producto-mastermind-navidad-1.jpg","width":800,"height":800,"caption":"Libro NetworkerPRO"},{"@type":"BreadcrumbList","@id":"https:\/\/edenlr.com\/producto\/libro-networkerpro\/#breadcrumb","itemListElement":[{"@type":"ListItem","position":1,"name":"Portada","item":"https:\/\/edenlr.com\/"},{"@type":"ListItem","position":2,"name":"Tienda","item":"https:\/\/edenlr.com\/tienda\/"},{"@type":"ListItem","position":3,"name":"Libro NetworkerPRO"}]},{"@type":"WebSite","@id":"https:\/\/edenlr.com\/#website","url":"https:\/\/edenlr.com\/","name":"Escuela Digital de Emprendedoras y Networkers","description":"master","publisher":{"@id":"https:\/\/edenlr.com\/#organization"},"potentialAction":[{"@type":"SearchAction","target":{"@type":"EntryPoint","urlTemplate":"https:\/\/edenlr.com\/?s={search_term_string}"},"query-input":{"@type":"PropertyValueSpecification","valueRequired":true,"valueName":"search_term_string"}}],"inLanguage":"en-US"},{"@type":"Organization","@id":"https:\/\/edenlr.com\/#organization","name":"Escuela Digital de Emprendedoras y Networkers","url":"https:\/\/edenlr.com\/","logo":{"@type":"ImageObject","inLanguage":"en-US","@id":"https:\/\/edenlr.com\/#\/schema\/logo\/image\/","url":"https:\/\/edenlr.com\/wp-content\/uploads\/2023\/12\/Logo-EDEN-manzana.png","contentUrl":"https:\/\/edenlr.com\/wp-content\/uploads\/2023\/12\/Logo-EDEN-manzana.png","width":500,"height":500,"caption":"Escuela Digital de Emprendedoras y Networkers"},"image":{"@id":"https:\/\/edenlr.com\/#\/schema\/logo\/image\/"}}]}},"_links":{"self":[{"href":"https:\/\/edenlr.com\/en\/wp-json\/wp\/v2\/product\/1505","targetHints":{"allow":["GET"]}}],"collection":[{"href":"https:\/\/edenlr.com\/en\/wp-json\/wp\/v2\/product"}],"about":[{"href":"https:\/\/edenlr.com\/en\/wp-json\/wp\/v2\/types\/product"}],"replies":[{"embeddable":true,"href":"https:\/\/edenlr.com\/en\/wp-json\/wp\/v2\/comments?post=1505"}],"wp:featuredmedia":[{"embeddable":true,"href":"https:\/\/edenlr.com\/en\/wp-json\/wp\/v2\/media\/1507"}],"wp:attachment":[{"href":"https:\/\/edenlr.com\/en\/wp-json\/wp\/v2\/media?parent=1505"}],"wp:term":[{"taxonomy":"product_brand","embeddable":true,"href":"https:\/\/edenlr.com\/en\/wp-json\/wp\/v2\/product_brand?post=1505"},{"taxonomy":"product_cat","embeddable":true,"href":"https:\/\/edenlr.com\/en\/wp-json\/wp\/v2\/product_cat?post=1505"},{"taxonomy":"product_tag","embeddable":true,"href":"https:\/\/edenlr.com\/en\/wp-json\/wp\/v2\/product_tag?post=1505"}],"curies":[{"name":"wp","href":"https:\/\/api.w.org\/{rel}","templated":true}]}}